{"id":2198,"date":"2026-02-20T06:00:50","date_gmt":"2026-02-20T06:00:50","guid":{"rendered":"https:\/\/diegodemazariegos.com\/pagina\/?page_id=2198"},"modified":"2026-03-06T03:37:39","modified_gmt":"2026-03-06T03:37:39","slug":"habitacion-estandar-doble","status":"publish","type":"page","link":"https:\/\/diegodemazariegos.com\/en\/habitacion-estandar-doble\/","title":{"rendered":"Standard Double Room"},"content":{"rendered":"<div class=\"wp-block-columns is-layout-flex wp-container-core-columns-is-layout-9d6595d7 wp-block-columns-is-layout-flex\">\n<div class=\"wp-block-column is-layout-flow wp-block-column-is-layout-flow\" style=\"flex-basis:100%\">\n<div class=\"room-hero\">\n\n  <div class=\"room-hero-bg\">\n    <img decoding=\"async\" src=\"https:\/\/diegodemazariegos.com\/wp-content\/uploads\/2026\/02\/Estandardoble1.jpg\" alt=\"\">\n  <\/div>\n\n  <div class=\"room-hero-content\">\n    <h1 class=\"room-title\">Standard Double<\/h1>\n    <p class=\"room-subtitle\">Rooms with 2 double beds and a view of the garden or interior courtyard.<\/p>\n  <\/div>\n\n<\/div>\n<\/div>\n<\/div>\n\n\n\n<div class=\"wp-block-columns is-layout-flex wp-container-core-columns-is-layout-9d6595d7 wp-block-columns-is-layout-flex\">\n<div class=\"wp-block-column is-layout-flow wp-block-column-is-layout-flow\" style=\"flex-basis:100%\">\n<div class=\"wp-block-getwid-advanced-heading\"><h1 class=\"wp-block-getwid-advanced-heading__content\" style=\"text-align:center;padding-top:50px\">Standard Double Room<\/h1><\/div>\n<\/div>\n<\/div>\n\n\n\n<div class=\"hotel-description\" style=\"font-family: inherit; color: #444; line-height: 1.6;\">\n    \n    <p style=\"text-align: justify;\">This room offers an authentic experience in a colonial setting that reflects the essence of San Crist\u00f3bal de las Casas. Its clay floors, wooden details, and traditional-style furnishings create a warm and inviting atmosphere, ideal for relaxation.<\/p>\n\n<p style=\"text-align: justify;\">The soft lighting and the view of the garden or interior courtyard invite you to disconnect from the daily rhythm and enjoy the tranquility of the hotel.<\/p>\n\n<p style=\"text-align: justify;\">It has a private bathroom, hot water, bathroom amenities, cable TV, internet, and a safe.<\/p>\n\n<p style=\"text-align: justify;\">It is located in the building at 5 de Febrero Street No. 1, Col. Centro<\/p>\n\n<\/div>\n\n\n\n<div class=\"wp-block-getwid-section alignfull alignfull getwid-anim fadeInUpShort\" data-wow-duration=\"1500ms\" data-wow-delay=\"200ms\"><div class=\"wp-block-getwid-section__wrapper getwid-padding-top-medium\"><div class=\"wp-block-getwid-section__inner-wrapper\"><div class=\"wp-block-getwid-section__background-holder\"><div class=\"wp-block-getwid-section__background has-background has-white-background-color\"><\/div><div class=\"wp-block-getwid-section__foreground\"><\/div><\/div><div class=\"wp-block-getwid-section__content\"><div class=\"wp-block-getwid-section__inner-content\">\n\n\t\n\t<div class=\"mphb-room-type-gallery-wrapper mphb-single-room-type-gallery-wrapper\"><div id='gallery-1' class='gallery galleryid-2198 gallery-columns-2 gallery-size-large'><figure class='gallery-item'>\n\t\t\t<div class='gallery-icon landscape'>\n\t\t\t\t<a href='https:\/\/diegodemazariegos.com\/wp-content\/uploads\/2026\/02\/Estandardoble2.jpg'><img fetchpriority=\"high\" decoding=\"async\" width=\"770\" height=\"514\" src=\"https:\/\/diegodemazariegos.com\/wp-content\/uploads\/2026\/02\/Estandardoble2-1024x683.jpg\" class=\"attachment-large size-large\" alt=\"Estandar Doble 2\" srcset=\"https:\/\/diegodemazariegos.com\/wp-content\/uploads\/2026\/02\/Estandardoble2-1024x683.jpg 1024w, https:\/\/diegodemazariegos.com\/wp-content\/uploads\/2026\/02\/Estandardoble2-300x200.jpg 300w, https:\/\/diegodemazariegos.com\/wp-content\/uploads\/2026\/02\/Estandardoble2-768x512.jpg 768w, https:\/\/diegodemazariegos.com\/wp-content\/uploads\/2026\/02\/Estandardoble2-1536x1024.jpg 1536w, https:\/\/diegodemazariegos.com\/wp-content\/uploads\/2026\/02\/Estandardoble2-1170x780.jpg 1170w, https:\/\/diegodemazariegos.com\/wp-content\/uploads\/2026\/02\/Estandardoble2.jpg 1600w\" sizes=\"(max-width: 770px) 100vw, 770px\" \/><\/a>\n\t\t\t<\/div><\/figure><figure class='gallery-item'>\n\t\t\t<div class='gallery-icon landscape'>\n\t\t\t\t<a href='https:\/\/diegodemazariegos.com\/wp-content\/uploads\/2026\/02\/Estandardoble1.jpg'><img decoding=\"async\" width=\"770\" height=\"514\" src=\"https:\/\/diegodemazariegos.com\/wp-content\/uploads\/2026\/02\/Estandardoble1-1024x683.jpg\" class=\"attachment-large size-large\" alt=\"Estandar Doble 1\" srcset=\"https:\/\/diegodemazariegos.com\/wp-content\/uploads\/2026\/02\/Estandardoble1-1024x683.jpg 1024w, https:\/\/diegodemazariegos.com\/wp-content\/uploads\/2026\/02\/Estandardoble1-300x200.jpg 300w, https:\/\/diegodemazariegos.com\/wp-content\/uploads\/2026\/02\/Estandardoble1-768x512.jpg 768w, https:\/\/diegodemazariegos.com\/wp-content\/uploads\/2026\/02\/Estandardoble1-1536x1024.jpg 1536w, https:\/\/diegodemazariegos.com\/wp-content\/uploads\/2026\/02\/Estandardoble1-2048x1366.jpg 2048w, https:\/\/diegodemazariegos.com\/wp-content\/uploads\/2026\/02\/Estandardoble1-1170x780.jpg 1170w\" sizes=\"(max-width: 770px) 100vw, 770px\" \/><\/a>\n\t\t\t<\/div><\/figure><figure class='gallery-item'>\n\t\t\t<div class='gallery-icon landscape'>\n\t\t\t\t<a href='https:\/\/diegodemazariegos.com\/wp-content\/uploads\/2026\/02\/Estandardoble4.jpg'><img decoding=\"async\" width=\"770\" height=\"514\" src=\"https:\/\/diegodemazariegos.com\/wp-content\/uploads\/2026\/02\/Estandardoble4-1024x683.jpg\" class=\"attachment-large size-large\" alt=\"Estandar Doble 4\" srcset=\"https:\/\/diegodemazariegos.com\/wp-content\/uploads\/2026\/02\/Estandardoble4-1024x683.jpg 1024w, https:\/\/diegodemazariegos.com\/wp-content\/uploads\/2026\/02\/Estandardoble4-300x200.jpg 300w, https:\/\/diegodemazariegos.com\/wp-content\/uploads\/2026\/02\/Estandardoble4-768x512.jpg 768w, https:\/\/diegodemazariegos.com\/wp-content\/uploads\/2026\/02\/Estandardoble4-1536x1024.jpg 1536w, https:\/\/diegodemazariegos.com\/wp-content\/uploads\/2026\/02\/Estandardoble4-1170x780.jpg 1170w, https:\/\/diegodemazariegos.com\/wp-content\/uploads\/2026\/02\/Estandardoble4.jpg 1600w\" sizes=\"(max-width: 770px) 100vw, 770px\" \/><\/a>\n\t\t\t<\/div><\/figure>\n\t\t<\/div>\n<\/div>\n\t\t\t\t<script type=\"text\/javascript\">\n\t\t\t\tdocument.addEventListener( \"DOMContentLoaded\", function( event ) {\n\t\t\t\t\t(function( $ ) {\n\t\t\t\t\t\t$( function() {\n\t\t\t\t\t\t\tvar galleryItems = $( \".mphb-single-room-type-gallery-wrapper .gallery-icon>a\" );\n\t\t\t\t\t\t\tif ( galleryItems.length && $.fancybox ) {\n\t\t\t\t\t\t\t\tgalleryItems.fancybox( {\n\t\t\t\t\t\t\t\t\tselector : '.mphb-single-room-type-gallery-wrapper .gallery-icon>a',\n\t\t\t\t\t\t\t\t\tloop: true,\n\t\t\t\t\t\t\t\t} );\n\t\t\t\t\t\t\t}\n\t\t\t\t\t\t} );\n\t\t\t\t\t})( jQuery );\n\t\t\t\t} );\n\t\t\t<\/script>\n\t\t\t\n\t<\/div><\/div><\/div><\/div><\/div>\n\n\n\n<div class=\"wp-block-columns is-layout-flex wp-container-core-columns-is-layout-9d6595d7 wp-block-columns-is-layout-flex\">\n<div class=\"wp-block-column is-vertically-aligned-center is-layout-flow wp-block-column-is-layout-flow\" style=\"flex-basis:100%\">\n<div class=\"wp-block-getwid-advanced-heading is-style-default\"><h2 class=\"wp-block-getwid-advanced-heading__content\" style=\"text-align:center;padding-bottom:0px\">Characteristics:<\/h2><\/div>\n<\/div>\n<\/div>\n\n\n\n<div class=\"wp-block-getwid-section getwid-anim fadeIn\" data-wow-duration=\"1500ms\" data-wow-delay=\"200ms\"><div class=\"wp-block-getwid-section__wrapper\"><div class=\"wp-block-getwid-section__inner-wrapper\"><div class=\"wp-block-getwid-section__background-holder\"><div class=\"wp-block-getwid-section__background\"><\/div><div class=\"wp-block-getwid-section__foreground\"><\/div><\/div><div class=\"wp-block-getwid-section__content\"><div class=\"wp-block-getwid-section__inner-content\">\n<ul class=\"mphb-single-room-type-attributes\">\n\n\n\t<li class=\"mphb-room-type-adults-capacity\"><span class=\"mphb-attribute-title mphb-adults-title\">Adults:<\/span><span class=\"mphb-attribute-value\">\n\t2\n\t<\/span><\/li>\n\t\n\n\t<li class=\"mphb-room-type-children-capacity\"><span class=\"mphb-attribute-title mphb-children-title\">Children:<\/span><span class=\"mphb-attribute-value\">\n\t2\n\t<\/span><\/li>\n\t\n\n\t<li class=\"mphb-room-type-facilities\"><span class=\"mphb-attribute-title mphb-facilities-title\">Amenities:<\/span><span class=\"mphb-attribute-value\"> <span class=\"facility-2-botellitas-de-agua\"><a href=\"https:\/\/diegodemazariegos.com\/en\/accommodation-facility\/2-botellitas-de-agua\/\">2 Small Bottles of Water<\/a><\/span>, <span class=\"facility-caja-fuerte\"><a href=\"https:\/\/diegodemazariegos.com\/en\/accommodation-facility\/caja-fuerte\/\">Safe<\/a><\/span>, <span class=\"facility-jabon-de-cuerpo\"><a href=\"https:\/\/diegodemazariegos.com\/en\/accommodation-facility\/jabon-de-cuerpo\/\">Body Soap<\/a><\/span>, <span class=\"facility-jabon-de-manos\"><a href=\"https:\/\/diegodemazariegos.com\/en\/accommodation-facility\/jabon-de-manos\/\">Hand Soap<\/a><\/span>, <span class=\"facility-kleenex\"><a href=\"https:\/\/diegodemazariegos.com\/en\/accommodation-facility\/kleenex\/\">Kleenex<\/a><\/span>, <span class=\"facility-secadora\"><a href=\"https:\/\/diegodemazariegos.com\/en\/accommodation-facility\/secadora\/\">Dryer<\/a><\/span>, <span class=\"facility-shampoo\"><a href=\"https:\/\/diegodemazariegos.com\/en\/accommodation-facility\/shampoo\/\">Shampoo<\/a><\/span>, <span class=\"facility-telefono\"><a href=\"https:\/\/diegodemazariegos.com\/en\/accommodation-facility\/telefono\/\">Phone<\/a><\/span>, <span class=\"facility-tv-cable\"><a href=\"https:\/\/diegodemazariegos.com\/en\/accommodation-facility\/tv-cable\/\">Cable TV<\/a><\/span>, <span class=\"facility-wi-fi\"><a href=\"https:\/\/diegodemazariegos.com\/en\/accommodation-facility\/wi-fi\/\">Wi-Fi<\/a><\/span><\/span><\/li>\n\t\n\n\n\t<li class=\"mphb-room-type-view\"><span class=\"mphb-attribute-title mphb-view-title\">View:<\/span><span class=\"mphb-attribute-value\">\n\tPatio, Garden\n\t<\/span><\/li>\n\t\n\n\n\t<li class=\"mphb-room-type-size\"><span class=\"mphb-attribute-title mphb-size-title\">Size:<\/span><span class=\"mphb-attribute-value\">\n\t20m\u00b2\n\t<\/span><\/li>\n\t\n\n\t<li class=\"mphb-room-type-bed-type\"><span class=\"mphb-attribute-title mphb-bed-type-title\">Bed Type:<\/span><span class=\"mphb-attribute-value\">\n\tMatrimonial\n\t<\/span><\/li>\n\t\n\n\t<li class=\"mphb-room-type-categories\"><span class=\"mphb-attribute-title mphb-categories-title\">Categories:<\/span><span class=\"mphb-attribute-value\"> <span class=\"category-doble\"><a href=\"https:\/\/diegodemazariegos.com\/en\/accommodation-category\/doble\/\">Double<\/a><\/span><\/span><\/li>\n\t\n<\/ul><\/div><\/div><\/div><\/div><\/div>\n\n\n\n<div class=\"botones-individuales-fila\">\n    \n    <div class=\"wrapper-individual\">\n        <a href=\"https:\/\/wubook.net\/wbkd\/wbk\/?lcode=1553872029\" class=\"mphb-view-details-button\" target=\"_blank\" rel=\"noopener noreferrer\">\n            Book Now\n        <\/a>\n    <\/div>\n\n    <div class=\"wrapper-individual\">\n        <a href=\"https:\/\/wa.me\/5219671358088?text=Hello,%20I%20would%20like%20to%20book%20the%20Standard%20Double%20Room\" class=\"mphb-book-button manual-wa\">\n            Book via WhatsApp\n        <\/a>\n    <\/div>\n\n<\/div>\n\n\n\n<p><\/p>","protected":false},"excerpt":{"rendered":"<p>Est\u00e1ndar Doble Habitaciones con 2 camas matrimoniales y con vista al jard\u00edn o patio interior. Esta habitaci\u00f3n ofrece una experiencia aut\u00e9ntica en un entorno colonial que refleja la esencia de San Crist\u00f3bal de las Casas. Sus pisos de barro, detalles en madera y mobiliario de estilo tradicional crean una atm\u00f3sfera c\u00e1lida y acogedora, ideal para [&hellip;]<\/p>\n","protected":false},"author":1,"featured_media":0,"parent":0,"menu_order":0,"comment_status":"closed","ping_status":"closed","template":"","meta":{"inline_featured_image":false,"footnotes":""},"class_list":["post-2198","page","type-page","status-publish","hentry"],"yoast_head":"<!-- This site is optimized with the Yoast SEO plugin v27.4 - https:\/\/yoast.com\/product\/yoast-seo-wordpress\/ -->\n<title>Habitaci\u00f3n Est\u00e1ndar Doble - Hotel Diego de Mazariegos<\/title>\n<meta name=\"robots\" content=\"index, follow, max-snippet:-1, max-image-preview:large, max-video-preview:-1\" \/>\n<link rel=\"canonical\" href=\"https:\/\/diegodemazariegos.com\/en\/habitacion-estandar-doble\/\" \/>\n<meta property=\"og:locale\" content=\"en_US\" \/>\n<meta property=\"og:type\" content=\"article\" \/>\n<meta property=\"og:title\" content=\"Habitaci\u00f3n Est\u00e1ndar Doble - Hotel Diego de Mazariegos\" \/>\n<meta property=\"og:description\" content=\"Est\u00e1ndar Doble Habitaciones con 2 camas matrimoniales y con vista al jard\u00edn o patio interior. Esta habitaci\u00f3n ofrece una experiencia aut\u00e9ntica en un entorno colonial que refleja la esencia de San Crist\u00f3bal de las Casas. Sus pisos de barro, detalles en madera y mobiliario de estilo tradicional crean una atm\u00f3sfera c\u00e1lida y acogedora, ideal para [&hellip;]\" \/>\n<meta property=\"og:url\" content=\"https:\/\/diegodemazariegos.com\/en\/habitacion-estandar-doble\/\" \/>\n<meta property=\"og:site_name\" content=\"Hotel Diego de Mazariegos\" \/>\n<meta property=\"article:publisher\" content=\"https:\/\/www.facebook.com\/HotelDiegodeMazariegos\/?locale=es_LA\" \/>\n<meta property=\"article:modified_time\" content=\"2026-03-06T03:37:39+00:00\" \/>\n<meta property=\"og:image\" content=\"https:\/\/diegodemazariegos.com\/wp-content\/uploads\/2026\/02\/Estandardoble1.jpg\" \/>\n<meta name=\"twitter:card\" content=\"summary_large_image\" \/>\n<meta name=\"twitter:label1\" content=\"Est. reading time\" \/>\n\t<meta name=\"twitter:data1\" content=\"1 minute\" \/>\n<script type=\"application\/ld+json\" class=\"yoast-schema-graph\">{\"@context\":\"https:\\\/\\\/schema.org\",\"@graph\":[{\"@type\":\"WebPage\",\"@id\":\"https:\\\/\\\/diegodemazariegos.com\\\/habitacion-estandar-doble\\\/\",\"url\":\"https:\\\/\\\/diegodemazariegos.com\\\/habitacion-estandar-doble\\\/\",\"name\":\"Habitaci\u00f3n Est\u00e1ndar Doble - Hotel Diego de Mazariegos\",\"isPartOf\":{\"@id\":\"https:\\\/\\\/diegodemazariegos.com\\\/#website\"},\"primaryImageOfPage\":{\"@id\":\"https:\\\/\\\/diegodemazariegos.com\\\/habitacion-estandar-doble\\\/#primaryimage\"},\"image\":{\"@id\":\"https:\\\/\\\/diegodemazariegos.com\\\/habitacion-estandar-doble\\\/#primaryimage\"},\"thumbnailUrl\":\"https:\\\/\\\/diegodemazariegos.com\\\/wp-content\\\/uploads\\\/2026\\\/02\\\/Estandardoble1.jpg\",\"datePublished\":\"2026-02-20T06:00:50+00:00\",\"dateModified\":\"2026-03-06T03:37:39+00:00\",\"breadcrumb\":{\"@id\":\"https:\\\/\\\/diegodemazariegos.com\\\/habitacion-estandar-doble\\\/#breadcrumb\"},\"inLanguage\":\"en-US\",\"potentialAction\":[{\"@type\":\"ReadAction\",\"target\":[\"https:\\\/\\\/diegodemazariegos.com\\\/habitacion-estandar-doble\\\/\"]}]},{\"@type\":\"ImageObject\",\"inLanguage\":\"en-US\",\"@id\":\"https:\\\/\\\/diegodemazariegos.com\\\/habitacion-estandar-doble\\\/#primaryimage\",\"url\":\"https:\\\/\\\/diegodemazariegos.com\\\/wp-content\\\/uploads\\\/2026\\\/02\\\/Estandardoble1.jpg\",\"contentUrl\":\"https:\\\/\\\/diegodemazariegos.com\\\/wp-content\\\/uploads\\\/2026\\\/02\\\/Estandardoble1.jpg\"},{\"@type\":\"BreadcrumbList\",\"@id\":\"https:\\\/\\\/diegodemazariegos.com\\\/habitacion-estandar-doble\\\/#breadcrumb\",\"itemListElement\":[{\"@type\":\"ListItem\",\"position\":1,\"name\":\"Inicio\",\"item\":\"https:\\\/\\\/diegodemazariegos.com\\\/\"},{\"@type\":\"ListItem\",\"position\":2,\"name\":\"Habitaci\u00f3n Est\u00e1ndar Doble\"}]},{\"@type\":\"WebSite\",\"@id\":\"https:\\\/\\\/diegodemazariegos.com\\\/#website\",\"url\":\"https:\\\/\\\/diegodemazariegos.com\\\/\",\"name\":\"Hotel Diego de Mazariegos\",\"description\":\"\",\"publisher\":{\"@id\":\"https:\\\/\\\/diegodemazariegos.com\\\/#organization\"},\"potentialAction\":[{\"@type\":\"SearchAction\",\"target\":{\"@type\":\"EntryPoint\",\"urlTemplate\":\"https:\\\/\\\/diegodemazariegos.com\\\/?s={search_term_string}\"},\"query-input\":{\"@type\":\"PropertyValueSpecification\",\"valueRequired\":true,\"valueName\":\"search_term_string\"}}],\"inLanguage\":\"en-US\"},{\"@type\":\"Organization\",\"@id\":\"https:\\\/\\\/diegodemazariegos.com\\\/#organization\",\"name\":\"Hotel Diego de Mazariegos\",\"url\":\"https:\\\/\\\/diegodemazariegos.com\\\/\",\"logo\":{\"@type\":\"ImageObject\",\"inLanguage\":\"en-US\",\"@id\":\"https:\\\/\\\/diegodemazariegos.com\\\/#\\\/schema\\\/logo\\\/image\\\/\",\"url\":\"https:\\\/\\\/diegodemazariegos.com\\\/wp-content\\\/uploads\\\/2026\\\/02\\\/Logotipo2.png\",\"contentUrl\":\"https:\\\/\\\/diegodemazariegos.com\\\/wp-content\\\/uploads\\\/2026\\\/02\\\/Logotipo2.png\",\"width\":221,\"height\":134,\"caption\":\"Hotel Diego de Mazariegos\"},\"image\":{\"@id\":\"https:\\\/\\\/diegodemazariegos.com\\\/#\\\/schema\\\/logo\\\/image\\\/\"},\"sameAs\":[\"https:\\\/\\\/www.facebook.com\\\/HotelDiegodeMazariegos\\\/?locale=es_LA\",\"https:\\\/\\\/www.instagram.com\\\/hoteldiegodemazariegos\\\/?hl=es\"]}]}<\/script>\n<!-- \/ Yoast SEO plugin. -->","yoast_head_json":{"title":"Habitaci\u00f3n Est\u00e1ndar Doble - Hotel Diego de Mazariegos","robots":{"index":"index","follow":"follow","max-snippet":"max-snippet:-1","max-image-preview":"max-image-preview:large","max-video-preview":"max-video-preview:-1"},"canonical":"https:\/\/diegodemazariegos.com\/en\/habitacion-estandar-doble\/","og_locale":"en_US","og_type":"article","og_title":"Habitaci\u00f3n Est\u00e1ndar Doble - Hotel Diego de Mazariegos","og_description":"Est\u00e1ndar Doble Habitaciones con 2 camas matrimoniales y con vista al jard\u00edn o patio interior. Esta habitaci\u00f3n ofrece una experiencia aut\u00e9ntica en un entorno colonial que refleja la esencia de San Crist\u00f3bal de las Casas. Sus pisos de barro, detalles en madera y mobiliario de estilo tradicional crean una atm\u00f3sfera c\u00e1lida y acogedora, ideal para [&hellip;]","og_url":"https:\/\/diegodemazariegos.com\/en\/habitacion-estandar-doble\/","og_site_name":"Hotel Diego de Mazariegos","article_publisher":"https:\/\/www.facebook.com\/HotelDiegodeMazariegos\/?locale=es_LA","article_modified_time":"2026-03-06T03:37:39+00:00","og_image":[{"url":"https:\/\/diegodemazariegos.com\/wp-content\/uploads\/2026\/02\/Estandardoble1.jpg","type":"","width":"","height":""}],"twitter_card":"summary_large_image","twitter_misc":{"Est. reading time":"1 minute"},"schema":{"@context":"https:\/\/schema.org","@graph":[{"@type":"WebPage","@id":"https:\/\/diegodemazariegos.com\/habitacion-estandar-doble\/","url":"https:\/\/diegodemazariegos.com\/habitacion-estandar-doble\/","name":"Habitaci\u00f3n Est\u00e1ndar Doble - Hotel Diego de Mazariegos","isPartOf":{"@id":"https:\/\/diegodemazariegos.com\/#website"},"primaryImageOfPage":{"@id":"https:\/\/diegodemazariegos.com\/habitacion-estandar-doble\/#primaryimage"},"image":{"@id":"https:\/\/diegodemazariegos.com\/habitacion-estandar-doble\/#primaryimage"},"thumbnailUrl":"https:\/\/diegodemazariegos.com\/wp-content\/uploads\/2026\/02\/Estandardoble1.jpg","datePublished":"2026-02-20T06:00:50+00:00","dateModified":"2026-03-06T03:37:39+00:00","breadcrumb":{"@id":"https:\/\/diegodemazariegos.com\/habitacion-estandar-doble\/#breadcrumb"},"inLanguage":"en-US","potentialAction":[{"@type":"ReadAction","target":["https:\/\/diegodemazariegos.com\/habitacion-estandar-doble\/"]}]},{"@type":"ImageObject","inLanguage":"en-US","@id":"https:\/\/diegodemazariegos.com\/habitacion-estandar-doble\/#primaryimage","url":"https:\/\/diegodemazariegos.com\/wp-content\/uploads\/2026\/02\/Estandardoble1.jpg","contentUrl":"https:\/\/diegodemazariegos.com\/wp-content\/uploads\/2026\/02\/Estandardoble1.jpg"},{"@type":"BreadcrumbList","@id":"https:\/\/diegodemazariegos.com\/habitacion-estandar-doble\/#breadcrumb","itemListElement":[{"@type":"ListItem","position":1,"name":"Inicio","item":"https:\/\/diegodemazariegos.com\/"},{"@type":"ListItem","position":2,"name":"Habitaci\u00f3n Est\u00e1ndar Doble"}]},{"@type":"WebSite","@id":"https:\/\/diegodemazariegos.com\/#website","url":"https:\/\/diegodemazariegos.com\/","name":"Hotel Diego de Mazariegos","description":"","publisher":{"@id":"https:\/\/diegodemazariegos.com\/#organization"},"potentialAction":[{"@type":"SearchAction","target":{"@type":"EntryPoint","urlTemplate":"https:\/\/diegodemazariegos.com\/?s={search_term_string}"},"query-input":{"@type":"PropertyValueSpecification","valueRequired":true,"valueName":"search_term_string"}}],"inLanguage":"en-US"},{"@type":"Organization","@id":"https:\/\/diegodemazariegos.com\/#organization","name":"Hotel Diego de Mazariegos","url":"https:\/\/diegodemazariegos.com\/","logo":{"@type":"ImageObject","inLanguage":"en-US","@id":"https:\/\/diegodemazariegos.com\/#\/schema\/logo\/image\/","url":"https:\/\/diegodemazariegos.com\/wp-content\/uploads\/2026\/02\/Logotipo2.png","contentUrl":"https:\/\/diegodemazariegos.com\/wp-content\/uploads\/2026\/02\/Logotipo2.png","width":221,"height":134,"caption":"Hotel Diego de Mazariegos"},"image":{"@id":"https:\/\/diegodemazariegos.com\/#\/schema\/logo\/image\/"},"sameAs":["https:\/\/www.facebook.com\/HotelDiegodeMazariegos\/?locale=es_LA","https:\/\/www.instagram.com\/hoteldiegodemazariegos\/?hl=es"]}]}},"_links":{"self":[{"href":"https:\/\/diegodemazariegos.com\/en\/wp-json\/wp\/v2\/pages\/2198","targetHints":{"allow":["GET"]}}],"collection":[{"href":"https:\/\/diegodemazariegos.com\/en\/wp-json\/wp\/v2\/pages"}],"about":[{"href":"https:\/\/diegodemazariegos.com\/en\/wp-json\/wp\/v2\/types\/page"}],"author":[{"embeddable":true,"href":"https:\/\/diegodemazariegos.com\/en\/wp-json\/wp\/v2\/users\/1"}],"replies":[{"embeddable":true,"href":"https:\/\/diegodemazariegos.com\/en\/wp-json\/wp\/v2\/comments?post=2198"}],"version-history":[{"count":7,"href":"https:\/\/diegodemazariegos.com\/en\/wp-json\/wp\/v2\/pages\/2198\/revisions"}],"predecessor-version":[{"id":2881,"href":"https:\/\/diegodemazariegos.com\/en\/wp-json\/wp\/v2\/pages\/2198\/revisions\/2881"}],"wp:attachment":[{"href":"https:\/\/diegodemazariegos.com\/en\/wp-json\/wp\/v2\/media?parent=2198"}],"curies":[{"name":"wp","href":"https:\/\/api.w.org\/{rel}","templated":true}]}}